{"id":88,"date":"2022-04-14T11:39:00","date_gmt":"2022-04-14T09:39:00","guid":{"rendered":"https:\/\/mip2022.mbuniverzitet.edu.rs\/?page_id=88"},"modified":"2022-04-20T14:20:42","modified_gmt":"2022-04-20T12:20:42","slug":"kotizacija","status":"publish","type":"page","link":"https:\/\/mip2022.mbuniverzitet.edu.rs\/en\/kotizacija\/","title":{"rendered":"Registration fee"},"content":{"rendered":"<div data-elementor-type=\"wp-page\" data-elementor-id=\"88\" class=\"elementor elementor-88\">\n\t\t\t\t\t\t<section class=\"elementor-section elementor-top-section elementor-element elementor-element-2766fe37 elementor-section-full_width elementor-section-height-default elementor-section-height-default\" data-id=\"2766fe37\" data-element_type=\"section\" data-e-type=\"section\">\n\t\t\t\t\t\t<div class=\"elementor-container elementor-column-gap-default\">\n\t\t\t\t\t<div class=\"elementor-column elementor-col-100 elementor-top-column elementor-element elementor-element-793a207d\" data-id=\"793a207d\" data-element_type=\"column\" data-e-type=\"column\">\n\t\t\t<div class=\"elementor-widget-wrap elementor-element-populated\">\n\t\t\t\t\t\t<div class=\"elementor-element elementor-element-14bdcf82 elementor-widget elementor-widget-spacer\" data-id=\"14bdcf82\" data-element_type=\"widget\" data-e-type=\"widget\" data-widget_type=\"spacer.default\">\n\t\t\t\t<div class=\"elementor-widget-container\">\n\t\t\t\t\t\t\t<div class=\"elementor-spacer\">\n\t\t\t<div class=\"elementor-spacer-inner\"><\/div>\n\t\t<\/div>\n\t\t\t\t\t\t<\/div>\n\t\t\t\t<\/div>\n\t\t\t\t\t<\/div>\n\t\t<\/div>\n\t\t\t\t\t<\/div>\n\t\t<\/section>\n\t\t\t\t<section class=\"elementor-section elementor-top-section elementor-element elementor-element-4920bafc elementor-section-boxed elementor-section-height-default elementor-section-height-default\" data-id=\"4920bafc\" data-element_type=\"section\" data-e-type=\"section\">\n\t\t\t\t\t\t<div class=\"elementor-container elementor-column-gap-default\">\n\t\t\t\t\t<div class=\"elementor-column elementor-col-50 elementor-top-column elementor-element elementor-element-1a2f7bf0\" data-id=\"1a2f7bf0\" data-element_type=\"column\" data-e-type=\"column\">\n\t\t\t<div class=\"elementor-widget-wrap elementor-element-populated\">\n\t\t\t\t\t\t<div class=\"elementor-element elementor-element-543e6512 elementor-widget elementor-widget-heading\" data-id=\"543e6512\" data-element_type=\"widget\" data-e-type=\"widget\" data-widget_type=\"heading.default\">\n\t\t\t\t<div class=\"elementor-widget-container\">\n\t\t\t\t\t<h2 class=\"elementor-heading-title elementor-size-default\">Registration fee<\/h2>\t\t\t\t<\/div>\n\t\t\t\t<\/div>\n\t\t\t\t<div class=\"elementor-element elementor-element-286f2f38 elementor-widget elementor-widget-text-editor\" data-id=\"286f2f38\" data-element_type=\"widget\" data-e-type=\"widget\" data-widget_type=\"text-editor.default\">\n\t\t\t\t<div class=\"elementor-widget-container\">\n\t\t\t\t\t\t\t\t\t<p>Accepted papers will be printed with the REGISTRATION FEE, which must be paid before the start of the conference. The registration fee is 6,000.00 RSD or 50 EUR per paper.<\/p><p>Registration fee payment for MNS \"Management and Law 2022\" to be made to the bank account - Faculty of Business and Law, University MB in RSD number 325-9500600047025-13.<\/p><p>REGISTRATION FEE IS MANDATORY FOR THE PARTICIPANTS who are not employed at the University of MB.<\/p><p>The languages of the meeting are Serbian and English with translation.<\/p><p>Payment for registration fees for MNS \"Management and Law 2022\" to be made to the bank account - Faculty of Business and Law, University MB in EUR number 325-9601600007020-19.<\/p><h2>Payment instructions:<\/h2><p>When directing foreign exchange inflow in EUR to the accounts of OTP BANKA SRBIJA AD, Novi Sad, please follow the following instructions:<\/p><p>56A: Intermediary:<\/p><p>DEUTSCHE BANK AG, FRANKFURT AM MAIN<\/p><p>SWIFT CODE: DEUTDEFF<\/p><p>57A: Account with institution:<\/p><p>OTP BANKA SRBIJA A.D.<\/p><p>SWIFT CODE: OTPVRS22<\/p><p>59: Beneficiary Customer: \/RS35325960160000702019<\/p><p>POSLOVNI I PRAVNI FAKULTET, UNIVERZITETA &#8222;MB&#8220;<\/p><p>KRALJA PETRA PRVOG BR. 372<\/p><p>Mladenovac (varo\u0161)<\/p><p>SERBIA<\/p><p>Proof of payment of the registration fee should be shown when taking over the conference material. The registration fee must be paid by September 5, 2022.<\/p>\t\t\t\t\t\t\t\t<\/div>\n\t\t\t\t<\/div>\n\t\t\t\t\t<\/div>\n\t\t<\/div>\n\t\t\t\t<div class=\"elementor-column elementor-col-50 elementor-top-column elementor-element elementor-element-383767c7\" data-id=\"383767c7\" data-element_type=\"column\" data-e-type=\"column\">\n\t\t\t<div class=\"elementor-widget-wrap elementor-element-populated\">\n\t\t\t\t\t\t<div class=\"elementor-element elementor-element-7239f14a elementor-widget elementor-widget-sidebar\" data-id=\"7239f14a\" data-element_type=\"widget\" data-e-type=\"widget\" data-widget_type=\"sidebar.default\">\n\t\t\t\t<div class=\"elementor-widget-container\">\n\t\t\t\t\t<aside id=\"block-2\" class=\"widget widget_block widget_search\"><form role=\"search\" method=\"get\" action=\"https:\/\/mip2022.mbuniverzitet.edu.rs\/en\/\" class=\"wp-block-search__button-outside wp-block-search__icon-button wp-block-search\" data-trp-original-action=\"https:\/\/mip2022.mbuniverzitet.edu.rs\/en\/\"    ><label class=\"wp-block-search__label screen-reader-text\" for=\"wp-block-search__input-1\" >Search<\/label><div class=\"wp-block-search__inside-wrapper\"  style=\"width: 305px\"><input class=\"wp-block-search__input\" id=\"wp-block-search__input-1\" placeholder=\"\" value=\"\" type=\"search\" name=\"s\" required \/><button aria-label=\"Pretraga\" class=\"wp-block-search__button has-icon wp-element-button\" type=\"submit\" ><svg class=\"search-icon\" viewbox=\"0 0 24 24\" width=\"24\" height=\"24\">\n\t\t\t\t\t<path d=\"M13 5c-3.3 0-6 2.7-6 6 0 1.4.5 2.7 1.3 3.7l-3.8 3.8 1.1 1.1 3.8-3.8c1 .8 2.3 1.3 3.7 1.3 3.3 0 6-2.7 6-6S16.3 5 13 5zm0 10.5c-2.5 0-4.5-2-4.5-4.5s2-4.5 4.5-4.5 4.5 2 4.5 4.5-2 4.5-4.5 4.5z\"><\/path>\n\t\t\t\t<\/svg><\/button><\/div><input type=\"hidden\" name=\"trp-form-language\" value=\"en\"\/><\/form><\/aside><aside id=\"nav_menu-5\" class=\"widget widget_nav_menu\"><h2 class=\"widget-title\">Previous Conferences<\/h2><nav class=\"menu-sidebar-meni_prethodne-konferencije-container\" aria-label=\"Previous Conferences\"><ul id=\"menu-sidebar-meni_prethodne-konferencije\" class=\"menu\"><li id=\"menu-item-145\" class=\"menu-item menu-item-type-custom menu-item-object-custom menu-item-145\"><a href=\"https:\/\/meste.org\/M2020\/M2020_CD.html\" class=\"menu-link\">Menad\u017ement 2020<\/a><\/li>\n<li id=\"menu-item-146\" class=\"menu-item menu-item-type-custom menu-item-object-custom menu-item-146\"><a href=\"https:\/\/meste.org\/M2018s.html\" class=\"menu-link\">Menad\u017ement 2018<\/a><\/li>\n<li id=\"menu-item-147\" class=\"menu-item menu-item-type-custom menu-item-object-custom menu-item-147\"><a href=\"https:\/\/meste.org\/konf\/Arhiva\/Man_2016\/index2016.html\" class=\"menu-link\">Menad\u017ement 2016<\/a><\/li>\n<\/ul><\/nav><\/aside><aside id=\"nav_menu-7\" class=\"widget widget_nav_menu\"><h2 class=\"widget-title\">Books of abstracts_archive<\/h2><nav class=\"menu-sidebar-meni_zbornici-radova_arhiva-container\" aria-label=\"Books of abstracts_archive\"><ul id=\"menu-sidebar-meni_zbornici-radova_arhiva\" class=\"menu\"><li id=\"menu-item-181\" class=\"menu-item menu-item-type-custom menu-item-object-custom menu-item-181\"><a href=\"https:\/\/mip2022.mbuniverzitet.edu.rs\/wp-content\/uploads\/2022\/09\/BOOK-OF-ABSTRACTS-MB-2022.pdf\" class=\"menu-link\">Menad\u017ement i pravo 2022<\/a><\/li>\n<li id=\"menu-item-178\" class=\"menu-item menu-item-type-custom menu-item-object-custom menu-item-178\"><a href=\"https:\/\/www.meste.org\/M2020\/Zbornik.pdf\" class=\"menu-link\">Menad\u017ement 2020<\/a><\/li>\n<li id=\"menu-item-179\" class=\"menu-item menu-item-type-custom menu-item-object-custom menu-item-179\"><a href=\"https:\/\/www.meste.org\/konf\/Arhiva\/Man_2018\/index2018.html\" class=\"menu-link\">Menad\u017ement 2018<\/a><\/li>\n<li id=\"menu-item-180\" class=\"menu-item menu-item-type-custom menu-item-object-custom menu-item-180\"><a href=\"https:\/\/www.meste.org\/konf\/Arhiva\/Man_2016\/index2016.html\" class=\"menu-link\">Menad\u017ement 2016<\/a><\/li>\n<\/ul><\/nav><\/aside>\t\t\t\t<\/div>\n\t\t\t\t<\/div>\n\t\t\t\t\t<\/div>\n\t\t<\/div>\n\t\t\t\t\t<\/div>\n\t\t<\/section>\n\t\t\t\t<section class=\"elementor-section elementor-top-section elementor-element elementor-element-7afd5f27 elementor-section-full_width elementor-section-height-default elementor-section-height-default\" data-id=\"7afd5f27\" data-element_type=\"section\" data-e-type=\"section\">\n\t\t\t\t\t\t<div class=\"elementor-container elementor-column-gap-default\">\n\t\t\t\t\t<div class=\"elementor-column elementor-col-100 elementor-top-column elementor-element elementor-element-5b0a648d\" data-id=\"5b0a648d\" data-element_type=\"column\" data-e-type=\"column\">\n\t\t\t<div class=\"elementor-widget-wrap elementor-element-populated\">\n\t\t\t\t\t\t<div class=\"elementor-element elementor-element-5e11be51 elementor-widget elementor-widget-spacer\" data-id=\"5e11be51\" data-element_type=\"widget\" data-e-type=\"widget\" data-widget_type=\"spacer.default\">\n\t\t\t\t<div class=\"elementor-widget-container\">\n\t\t\t\t\t\t\t<div class=\"elementor-spacer\">\n\t\t\t<div class=\"elementor-spacer-inner\"><\/div>\n\t\t<\/div>\n\t\t\t\t\t\t<\/div>\n\t\t\t\t<\/div>\n\t\t\t\t\t<\/div>\n\t\t<\/div>\n\t\t\t\t\t<\/div>\n\t\t<\/section>\n\t\t\t\t<\/div>","protected":false},"excerpt":{"rendered":"<p>Kotizacija Prihva\u0107eni radovi bi\u0107e \u0161tampani uz KOTIZACIJU, koja se mora uplatiti pre po\u010detka nau\u010dnog skupa. Iznos kotizacije je 6.000,00 RSD ili 50 eura po jednom radu. Uplatu za kotizacije za MNS &#8222;Menad\u017ement i pravo 2022 &#8220; izvr\u0161iti na \u017eiro ra\u010dun\u00a0 &#8211; Poslovni i pravni fakultet Univerziteta MB u RSD broj 325-9500600047025-13. KOTIZACIJA JE OBAVEZNA ZA [&hellip;]<\/p>\n","protected":false},"author":1,"featured_media":0,"parent":0,"menu_order":0,"comment_status":"closed","ping_status":"closed","template":"","meta":{"site-sidebar-layout":"no-sidebar","site-content-layout":"page-builder","ast-site-content-layout":"default","site-content-style":"default","site-sidebar-style":"default","ast-global-header-display":"","ast-banner-title-visibility":"","ast-main-header-display":"","ast-hfb-above-header-display":"","ast-hfb-below-header-display":"","ast-hfb-mobile-header-display":"","site-post-title":"disabled","ast-breadcrumbs-content":"","ast-featured-img":"disabled","footer-sml-layout":"","ast-disable-related-posts":"","theme-transparent-header-meta":"","adv-header-id-meta":"","stick-header-meta":"","header-above-stick-meta":"","header-main-stick-meta":"","header-below-stick-meta":"","astra-migrate-meta-layouts":"default","ast-page-background-enabled":"default","ast-page-background-meta":{"desktop":{"background-color":"var(--ast-global-color-4)","background-image":"","background-repeat":"repeat","background-position":"center center","background-size":"auto","background-attachment":"scroll","background-type":"","background-media":"","overlay-type":"","overlay-color":"","overlay-opacity":"","overlay-gradient":""},"tablet":{"background-color":"","background-image":"","background-repeat":"repeat","background-position":"center center","background-size":"auto","background-attachment":"scroll","background-type":"","background-media":"","overlay-type":"","overlay-color":"","overlay-opacity":"","overlay-gradient":""},"mobile":{"background-color":"","background-image":"","background-repeat":"repeat","background-position":"center center","background-size":"auto","background-attachment":"scroll","background-type":"","background-media":"","overlay-type":"","overlay-color":"","overlay-opacity":"","overlay-gradient":""}},"ast-content-background-meta":{"desktop":{"background-color":"var(--ast-global-color-5)","background-image":"","background-repeat":"repeat","background-position":"center center","background-size":"auto","background-attachment":"scroll","background-type":"","background-media":"","overlay-type":"","overlay-color":"","overlay-opacity":"","overlay-gradient":""},"tablet":{"background-color":"var(--ast-global-color-5)","background-image":"","background-repeat":"repeat","background-position":"center center","background-size":"auto","background-attachment":"scroll","background-type":"","background-media":"","overlay-type":"","overlay-color":"","overlay-opacity":"","overlay-gradient":""},"mobile":{"background-color":"var(--ast-global-color-5)","background-image":"","background-repeat":"repeat","background-position":"center center","background-size":"auto","background-attachment":"scroll","background-type":"","background-media":"","overlay-type":"","overlay-color":"","overlay-opacity":"","overlay-gradient":""}},"footnotes":""},"class_list":["post-88","page","type-page","status-publish","hentry"],"_links":{"self":[{"href":"https:\/\/mip2022.mbuniverzitet.edu.rs\/en\/wp-json\/wp\/v2\/pages\/88","targetHints":{"allow":["GET"]}}],"collection":[{"href":"https:\/\/mip2022.mbuniverzitet.edu.rs\/en\/wp-json\/wp\/v2\/pages"}],"about":[{"href":"https:\/\/mip2022.mbuniverzitet.edu.rs\/en\/wp-json\/wp\/v2\/types\/page"}],"author":[{"embeddable":true,"href":"https:\/\/mip2022.mbuniverzitet.edu.rs\/en\/wp-json\/wp\/v2\/users\/1"}],"replies":[{"embeddable":true,"href":"https:\/\/mip2022.mbuniverzitet.edu.rs\/en\/wp-json\/wp\/v2\/comments?post=88"}],"version-history":[{"count":0,"href":"https:\/\/mip2022.mbuniverzitet.edu.rs\/en\/wp-json\/wp\/v2\/pages\/88\/revisions"}],"wp:attachment":[{"href":"https:\/\/mip2022.mbuniverzitet.edu.rs\/en\/wp-json\/wp\/v2\/media?parent=88"}],"curies":[{"name":"wp","href":"https:\/\/api.w.org\/{rel}","templated":true}]}}