{"id":82,"date":"2022-04-14T11:38:35","date_gmt":"2022-04-14T09:38:35","guid":{"rendered":"https:\/\/mip2022.mbuniverzitet.edu.rs\/?page_id=82"},"modified":"2022-04-20T14:37:05","modified_gmt":"2022-04-20T12:37:05","slug":"prijava-rada","status":"publish","type":"page","link":"https:\/\/mip2022.mbuniverzitet.edu.rs\/en\/prijava-rada\/","title":{"rendered":"Submission"},"content":{"rendered":"<div data-elementor-type=\"wp-page\" data-elementor-id=\"82\" class=\"elementor elementor-82\">\n\t\t\t\t\t\t<section class=\"elementor-section elementor-top-section elementor-element elementor-element-2efcb3f7 elementor-section-full_width elementor-section-height-default elementor-section-height-default\" data-id=\"2efcb3f7\" data-element_type=\"section\" data-e-type=\"section\">\n\t\t\t\t\t\t<div class=\"elementor-container elementor-column-gap-default\">\n\t\t\t\t\t<div class=\"elementor-column elementor-col-100 elementor-top-column elementor-element elementor-element-228564fc\" data-id=\"228564fc\" data-element_type=\"column\" data-e-type=\"column\">\n\t\t\t<div class=\"elementor-widget-wrap elementor-element-populated\">\n\t\t\t\t\t\t<div class=\"elementor-element elementor-element-5a186fd1 elementor-widget elementor-widget-spacer\" data-id=\"5a186fd1\" data-element_type=\"widget\" data-e-type=\"widget\" data-widget_type=\"spacer.default\">\n\t\t\t\t<div class=\"elementor-widget-container\">\n\t\t\t\t\t\t\t<div class=\"elementor-spacer\">\n\t\t\t<div class=\"elementor-spacer-inner\"><\/div>\n\t\t<\/div>\n\t\t\t\t\t\t<\/div>\n\t\t\t\t<\/div>\n\t\t\t\t\t<\/div>\n\t\t<\/div>\n\t\t\t\t\t<\/div>\n\t\t<\/section>\n\t\t\t\t<section class=\"elementor-section elementor-top-section elementor-element elementor-element-2e5df02f elementor-section-boxed elementor-section-height-default elementor-section-height-default\" data-id=\"2e5df02f\" data-element_type=\"section\" data-e-type=\"section\">\n\t\t\t\t\t\t<div class=\"elementor-container elementor-column-gap-default\">\n\t\t\t\t\t<div class=\"elementor-column elementor-col-50 elementor-top-column elementor-element elementor-element-3341ed50\" data-id=\"3341ed50\" data-element_type=\"column\" data-e-type=\"column\">\n\t\t\t<div class=\"elementor-widget-wrap elementor-element-populated\">\n\t\t\t\t\t\t<div class=\"elementor-element elementor-element-793d1331 elementor-widget elementor-widget-heading\" data-id=\"793d1331\" data-element_type=\"widget\" data-e-type=\"widget\" data-widget_type=\"heading.default\">\n\t\t\t\t<div class=\"elementor-widget-container\">\n\t\t\t\t\t<h2 class=\"elementor-heading-title elementor-size-default\">Submission<\/h2>\t\t\t\t<\/div>\n\t\t\t\t<\/div>\n\t\t\t\t<div class=\"elementor-element elementor-element-c1591f9 elementor-widget elementor-widget-text-editor\" data-id=\"c1591f9\" data-element_type=\"widget\" data-e-type=\"widget\" data-widget_type=\"text-editor.default\">\n\t\t\t\t<div class=\"elementor-widget-container\">\n\t\t\t\t\t\t\t\t\t<div>Dear colleagues,<\/div><div>You may submit your work at:<\/div><div><h4><a href=\"mailto:mip2022@mbuniverzitet.edu.rs\" target=\"_blank\" rel=\"noopener\" data-saferedirecturl=\"https:\/\/www.google.com\/url?q=https:\/\/mip2022.mbuniverzitet.edu.rs\/prijava-rada\/&amp;source=gmail&amp;ust=1650535063870000&amp;usg=AOvVaw1WjKNTfYrmoWPWxHJMLKhH\">mip2022@mbuniverzitet.<wbr \/>edu.rs<\/a><\/h4><\/div>\t\t\t\t\t\t\t\t<\/div>\n\t\t\t\t<\/div>\n\t\t\t\t\t<\/div>\n\t\t<\/div>\n\t\t\t\t<div class=\"elementor-column elementor-col-50 elementor-top-column elementor-element elementor-element-10228aab\" data-id=\"10228aab\" data-element_type=\"column\" data-e-type=\"column\">\n\t\t\t<div class=\"elementor-widget-wrap elementor-element-populated\">\n\t\t\t\t\t\t<div class=\"elementor-element elementor-element-2d3cf6b7 elementor-widget elementor-widget-sidebar\" data-id=\"2d3cf6b7\" data-element_type=\"widget\" data-e-type=\"widget\" data-widget_type=\"sidebar.default\">\n\t\t\t\t<div class=\"elementor-widget-container\">\n\t\t\t\t\t<aside id=\"block-2\" class=\"widget widget_block widget_search\"><form role=\"search\" method=\"get\" action=\"https:\/\/mip2022.mbuniverzitet.edu.rs\/en\/\" class=\"wp-block-search__button-outside wp-block-search__icon-button wp-block-search\" data-trp-original-action=\"https:\/\/mip2022.mbuniverzitet.edu.rs\/en\/\"    ><label class=\"wp-block-search__label screen-reader-text\" for=\"wp-block-search__input-1\" >Search<\/label><div class=\"wp-block-search__inside-wrapper\"  style=\"width: 305px\"><input class=\"wp-block-search__input\" id=\"wp-block-search__input-1\" placeholder=\"\" value=\"\" type=\"search\" name=\"s\" required \/><button aria-label=\"Pretraga\" class=\"wp-block-search__button has-icon wp-element-button\" type=\"submit\" ><svg class=\"search-icon\" viewbox=\"0 0 24 24\" width=\"24\" height=\"24\">\n\t\t\t\t\t<path d=\"M13 5c-3.3 0-6 2.7-6 6 0 1.4.5 2.7 1.3 3.7l-3.8 3.8 1.1 1.1 3.8-3.8c1 .8 2.3 1.3 3.7 1.3 3.3 0 6-2.7 6-6S16.3 5 13 5zm0 10.5c-2.5 0-4.5-2-4.5-4.5s2-4.5 4.5-4.5 4.5 2 4.5 4.5-2 4.5-4.5 4.5z\"><\/path>\n\t\t\t\t<\/svg><\/button><\/div><input type=\"hidden\" name=\"trp-form-language\" value=\"en\"\/><\/form><\/aside><aside id=\"nav_menu-5\" class=\"widget widget_nav_menu\"><h2 class=\"widget-title\">Previous Conferences<\/h2><nav class=\"menu-sidebar-meni_prethodne-konferencije-container\" aria-label=\"Previous Conferences\"><ul id=\"menu-sidebar-meni_prethodne-konferencije\" class=\"menu\"><li id=\"menu-item-145\" class=\"menu-item menu-item-type-custom menu-item-object-custom menu-item-145\"><a href=\"https:\/\/meste.org\/M2020\/M2020_CD.html\" class=\"menu-link\">Menad\u017ement 2020<\/a><\/li>\n<li id=\"menu-item-146\" class=\"menu-item menu-item-type-custom menu-item-object-custom menu-item-146\"><a href=\"https:\/\/meste.org\/M2018s.html\" class=\"menu-link\">Menad\u017ement 2018<\/a><\/li>\n<li id=\"menu-item-147\" class=\"menu-item menu-item-type-custom menu-item-object-custom menu-item-147\"><a href=\"https:\/\/meste.org\/konf\/Arhiva\/Man_2016\/index2016.html\" class=\"menu-link\">Menad\u017ement 2016<\/a><\/li>\n<\/ul><\/nav><\/aside><aside id=\"nav_menu-7\" class=\"widget widget_nav_menu\"><h2 class=\"widget-title\">Books of abstracts_archive<\/h2><nav class=\"menu-sidebar-meni_zbornici-radova_arhiva-container\" aria-label=\"Books of abstracts_archive\"><ul id=\"menu-sidebar-meni_zbornici-radova_arhiva\" class=\"menu\"><li id=\"menu-item-181\" class=\"menu-item menu-item-type-custom menu-item-object-custom menu-item-181\"><a href=\"https:\/\/mip2022.mbuniverzitet.edu.rs\/wp-content\/uploads\/2022\/09\/BOOK-OF-ABSTRACTS-MB-2022.pdf\" class=\"menu-link\">Menad\u017ement i pravo 2022<\/a><\/li>\n<li id=\"menu-item-178\" class=\"menu-item menu-item-type-custom menu-item-object-custom menu-item-178\"><a href=\"https:\/\/www.meste.org\/M2020\/Zbornik.pdf\" class=\"menu-link\">Menad\u017ement 2020<\/a><\/li>\n<li id=\"menu-item-179\" class=\"menu-item menu-item-type-custom menu-item-object-custom menu-item-179\"><a href=\"https:\/\/www.meste.org\/konf\/Arhiva\/Man_2018\/index2018.html\" class=\"menu-link\">Menad\u017ement 2018<\/a><\/li>\n<li id=\"menu-item-180\" class=\"menu-item menu-item-type-custom menu-item-object-custom menu-item-180\"><a href=\"https:\/\/www.meste.org\/konf\/Arhiva\/Man_2016\/index2016.html\" class=\"menu-link\">Menad\u017ement 2016<\/a><\/li>\n<\/ul><\/nav><\/aside>\t\t\t\t<\/div>\n\t\t\t\t<\/div>\n\t\t\t\t\t<\/div>\n\t\t<\/div>\n\t\t\t\t\t<\/div>\n\t\t<\/section>\n\t\t\t\t<section class=\"elementor-section elementor-top-section elementor-element elementor-element-354bd2ec elementor-section-full_width elementor-section-height-default elementor-section-height-default\" data-id=\"354bd2ec\" data-element_type=\"section\" data-e-type=\"section\">\n\t\t\t\t\t\t<div class=\"elementor-container elementor-column-gap-default\">\n\t\t\t\t\t<div class=\"elementor-column elementor-col-100 elementor-top-column elementor-element elementor-element-dc19e0f\" data-id=\"dc19e0f\" data-element_type=\"column\" data-e-type=\"column\">\n\t\t\t<div class=\"elementor-widget-wrap elementor-element-populated\">\n\t\t\t\t\t\t<div class=\"elementor-element elementor-element-3b06acba elementor-widget elementor-widget-spacer\" data-id=\"3b06acba\" data-element_type=\"widget\" data-e-type=\"widget\" data-widget_type=\"spacer.default\">\n\t\t\t\t<div class=\"elementor-widget-container\">\n\t\t\t\t\t\t\t<div class=\"elementor-spacer\">\n\t\t\t<div class=\"elementor-spacer-inner\"><\/div>\n\t\t<\/div>\n\t\t\t\t\t\t<\/div>\n\t\t\t\t<\/div>\n\t\t\t\t\t<\/div>\n\t\t<\/div>\n\t\t\t\t\t<\/div>\n\t\t<\/section>\n\t\t\t\t<\/div>","protected":false},"excerpt":{"rendered":"<p>Prijava rada Po\u0161tovani,prijavu Va\u0161eg rada izvr\u0161ite na: mip2022@mbuniverzitet.edu.rs<\/p>","protected":false},"author":1,"featured_media":0,"parent":0,"menu_order":0,"comment_status":"closed","ping_status":"closed","template":"","meta":{"site-sidebar-layout":"no-sidebar","site-content-layout":"page-builder","ast-site-content-layout":"default","site-content-style":"default","site-sidebar-style":"default","ast-global-header-display":"","ast-banner-title-visibility":"","ast-main-header-display":"","ast-hfb-above-header-display":"","ast-hfb-below-header-display":"","ast-hfb-mobile-header-display":"","site-post-title":"disabled","ast-breadcrumbs-content":"","ast-featured-img":"disabled","footer-sml-layout":"","ast-disable-related-posts":"","theme-transparent-header-meta":"","adv-header-id-meta":"","stick-header-meta":"","header-above-stick-meta":"","header-main-stick-meta":"","header-below-stick-meta":"","astra-migrate-meta-layouts":"default","ast-page-background-enabled":"default","ast-page-background-meta":{"desktop":{"background-color":"var(--ast-global-color-4)","background-image":"","background-repeat":"repeat","background-position":"center center","background-size":"auto","background-attachment":"scroll","background-type":"","background-media":"","overlay-type":"","overlay-color":"","overlay-opacity":"","overlay-gradient":""},"tablet":{"background-color":"","background-image":"","background-repeat":"repeat","background-position":"center center","background-size":"auto","background-attachment":"scroll","background-type":"","background-media":"","overlay-type":"","overlay-color":"","overlay-opacity":"","overlay-gradient":""},"mobile":{"background-color":"","background-image":"","background-repeat":"repeat","background-position":"center center","background-size":"auto","background-attachment":"scroll","background-type":"","background-media":"","overlay-type":"","overlay-color":"","overlay-opacity":"","overlay-gradient":""}},"ast-content-background-meta":{"desktop":{"background-color":"var(--ast-global-color-5)","background-image":"","background-repeat":"repeat","background-position":"center center","background-size":"auto","background-attachment":"scroll","background-type":"","background-media":"","overlay-type":"","overlay-color":"","overlay-opacity":"","overlay-gradient":""},"tablet":{"background-color":"var(--ast-global-color-5)","background-image":"","background-repeat":"repeat","background-position":"center center","background-size":"auto","background-attachment":"scroll","background-type":"","background-media":"","overlay-type":"","overlay-color":"","overlay-opacity":"","overlay-gradient":""},"mobile":{"background-color":"var(--ast-global-color-5)","background-image":"","background-repeat":"repeat","background-position":"center center","background-size":"auto","background-attachment":"scroll","background-type":"","background-media":"","overlay-type":"","overlay-color":"","overlay-opacity":"","overlay-gradient":""}},"footnotes":""},"class_list":["post-82","page","type-page","status-publish","hentry"],"_links":{"self":[{"href":"https:\/\/mip2022.mbuniverzitet.edu.rs\/en\/wp-json\/wp\/v2\/pages\/82","targetHints":{"allow":["GET"]}}],"collection":[{"href":"https:\/\/mip2022.mbuniverzitet.edu.rs\/en\/wp-json\/wp\/v2\/pages"}],"about":[{"href":"https:\/\/mip2022.mbuniverzitet.edu.rs\/en\/wp-json\/wp\/v2\/types\/page"}],"author":[{"embeddable":true,"href":"https:\/\/mip2022.mbuniverzitet.edu.rs\/en\/wp-json\/wp\/v2\/users\/1"}],"replies":[{"embeddable":true,"href":"https:\/\/mip2022.mbuniverzitet.edu.rs\/en\/wp-json\/wp\/v2\/comments?post=82"}],"version-history":[{"count":0,"href":"https:\/\/mip2022.mbuniverzitet.edu.rs\/en\/wp-json\/wp\/v2\/pages\/82\/revisions"}],"wp:attachment":[{"href":"https:\/\/mip2022.mbuniverzitet.edu.rs\/en\/wp-json\/wp\/v2\/media?parent=82"}],"curies":[{"name":"wp","href":"https:\/\/api.w.org\/{rel}","templated":true}]}}