{"id":64,"date":"2022-04-14T11:36:33","date_gmt":"2022-04-14T09:36:33","guid":{"rendered":"https:\/\/mip2022.mbuniverzitet.edu.rs\/?page_id=64"},"modified":"2022-04-19T10:06:52","modified_gmt":"2022-04-19T08:06:52","slug":"uvodna-rec","status":"publish","type":"page","link":"https:\/\/mip2022.mbuniverzitet.edu.rs\/en\/uvodna-rec\/","title":{"rendered":"Introductory Words"},"content":{"rendered":"<div data-elementor-type=\"wp-page\" data-elementor-id=\"64\" class=\"elementor elementor-64\">\n\t\t\t\t\t\t<section class=\"elementor-section elementor-top-section elementor-element elementor-element-aad8cc0 elementor-section-full_width elementor-section-height-default elementor-section-height-default\" data-id=\"aad8cc0\" data-element_type=\"section\" data-e-type=\"section\">\n\t\t\t\t\t\t<div class=\"elementor-container elementor-column-gap-default\">\n\t\t\t\t\t<div class=\"elementor-column elementor-col-100 elementor-top-column elementor-element elementor-element-d928429\" data-id=\"d928429\" data-element_type=\"column\" data-e-type=\"column\">\n\t\t\t<div class=\"elementor-widget-wrap elementor-element-populated\">\n\t\t\t\t\t\t<div class=\"elementor-element elementor-element-6a8a9c3 elementor-widget elementor-widget-spacer\" data-id=\"6a8a9c3\" data-element_type=\"widget\" data-e-type=\"widget\" data-widget_type=\"spacer.default\">\n\t\t\t\t<div class=\"elementor-widget-container\">\n\t\t\t\t\t\t\t<div class=\"elementor-spacer\">\n\t\t\t<div class=\"elementor-spacer-inner\"><\/div>\n\t\t<\/div>\n\t\t\t\t\t\t<\/div>\n\t\t\t\t<\/div>\n\t\t\t\t\t<\/div>\n\t\t<\/div>\n\t\t\t\t\t<\/div>\n\t\t<\/section>\n\t\t\t\t<section class=\"elementor-section elementor-top-section elementor-element elementor-element-f6d8992 elementor-section-boxed elementor-section-height-default elementor-section-height-default\" data-id=\"f6d8992\" data-element_type=\"section\" data-e-type=\"section\">\n\t\t\t\t\t\t<div class=\"elementor-container elementor-column-gap-default\">\n\t\t\t\t\t<div class=\"elementor-column elementor-col-50 elementor-top-column elementor-element elementor-element-46dc0fea\" data-id=\"46dc0fea\" data-element_type=\"column\" data-e-type=\"column\">\n\t\t\t<div class=\"elementor-widget-wrap elementor-element-populated\">\n\t\t\t\t\t\t<div class=\"elementor-element elementor-element-2a59c250 elementor-widget elementor-widget-heading\" data-id=\"2a59c250\" data-element_type=\"widget\" data-e-type=\"widget\" data-widget_type=\"heading.default\">\n\t\t\t\t<div class=\"elementor-widget-container\">\n\t\t\t\t\t<h2 class=\"elementor-heading-title elementor-size-default\">Introductory Words<\/h2>\t\t\t\t<\/div>\n\t\t\t\t<\/div>\n\t\t\t\t<div class=\"elementor-element elementor-element-341c5e elementor-widget elementor-widget-text-editor\" data-id=\"341c5e\" data-element_type=\"widget\" data-e-type=\"widget\" data-widget_type=\"text-editor.default\">\n\t\t\t\t<div class=\"elementor-widget-container\">\n\t\t\t\t\t\t\t\t\t<p>The sixth International Conference Management and Law 2022 will be held at the Faculty of Business and Law, University MB in Belgrade.<\/p><p>The theme of the International Scientific Conference Management and Law 2022 is: <strong>Globalization and Modern Business.<\/strong>The Conference will be held on September 16, 2022.<\/p><p>The International Thematic Scientific Conference will initiate with a planetary session whose goal is to achieve an interdisciplinary and intensive interaction between different research disciplines, as well as the attitudes and opinions of the authors of different provenance.<\/p><p>Upon the planetary session, the International Conference will be operating in three sections: management, law and information technologies. The subject of the scientific discussion will be based on three general thematic areas:<\/p><ol><li>Modern trends in economics and management<\/li><li>Legal state and rule of law: basis of management in modern society<\/li><li>3.\tApplication of the new IT technologies and support to the modern business production processes, decision-making and management.<\/li><\/ol><p>This International Conference will contribute to and allow for the exchange of opinions and attitudes. It will simultaneously offer the right solutions in the area of management and business, economics, law and IT. The Conference will also gather a large number of scientific and educational institutions, national and foreign producers, users, engaged organizations, etc. The papers from the Conference will be published in the journal <strong>\u201c<\/strong><strong>MB University International Review<\/strong><strong>\u201d <\/strong>, which will be issued four times a year, beginning from 2022.<\/p><p>The goal of the International Scientific Conference is an adequate locating and understanding of the issues regarding modern economics, management, business, law and application of the new technologies they bring, as well as providing concrete ideas and practical solutions for improvement of these fields.<\/p>\t\t\t\t\t\t\t\t<\/div>\n\t\t\t\t<\/div>\n\t\t\t\t\t<\/div>\n\t\t<\/div>\n\t\t\t\t<div class=\"elementor-column elementor-col-50 elementor-top-column elementor-element elementor-element-c8fffb6\" data-id=\"c8fffb6\" data-element_type=\"column\" data-e-type=\"column\">\n\t\t\t<div class=\"elementor-widget-wrap elementor-element-populated\">\n\t\t\t\t\t\t<div class=\"elementor-element elementor-element-190bebb6 elementor-widget elementor-widget-sidebar\" data-id=\"190bebb6\" data-element_type=\"widget\" data-e-type=\"widget\" data-widget_type=\"sidebar.default\">\n\t\t\t\t<div class=\"elementor-widget-container\">\n\t\t\t\t\t<aside id=\"block-2\" class=\"widget widget_block widget_search\"><form role=\"search\" method=\"get\" action=\"https:\/\/mip2022.mbuniverzitet.edu.rs\/en\/\" class=\"wp-block-search__button-outside wp-block-search__icon-button wp-block-search\" data-trp-original-action=\"https:\/\/mip2022.mbuniverzitet.edu.rs\/en\/\"    ><label class=\"wp-block-search__label screen-reader-text\" for=\"wp-block-search__input-1\" >Search<\/label><div class=\"wp-block-search__inside-wrapper\"  style=\"width: 305px\"><input class=\"wp-block-search__input\" id=\"wp-block-search__input-1\" placeholder=\"\" value=\"\" type=\"search\" name=\"s\" required \/><button aria-label=\"Pretraga\" class=\"wp-block-search__button has-icon wp-element-button\" type=\"submit\" ><svg class=\"search-icon\" viewbox=\"0 0 24 24\" width=\"24\" height=\"24\">\n\t\t\t\t\t<path d=\"M13 5c-3.3 0-6 2.7-6 6 0 1.4.5 2.7 1.3 3.7l-3.8 3.8 1.1 1.1 3.8-3.8c1 .8 2.3 1.3 3.7 1.3 3.3 0 6-2.7 6-6S16.3 5 13 5zm0 10.5c-2.5 0-4.5-2-4.5-4.5s2-4.5 4.5-4.5 4.5 2 4.5 4.5-2 4.5-4.5 4.5z\"><\/path>\n\t\t\t\t<\/svg><\/button><\/div><input type=\"hidden\" name=\"trp-form-language\" value=\"en\"\/><\/form><\/aside><aside id=\"nav_menu-5\" class=\"widget widget_nav_menu\"><h2 class=\"widget-title\">Previous Conferences<\/h2><nav class=\"menu-sidebar-meni_prethodne-konferencije-container\" aria-label=\"Previous Conferences\"><ul id=\"menu-sidebar-meni_prethodne-konferencije\" class=\"menu\"><li id=\"menu-item-145\" class=\"menu-item menu-item-type-custom menu-item-object-custom menu-item-145\"><a href=\"https:\/\/meste.org\/M2020\/M2020_CD.html\" class=\"menu-link\">Menad\u017ement 2020<\/a><\/li>\n<li id=\"menu-item-146\" class=\"menu-item menu-item-type-custom menu-item-object-custom menu-item-146\"><a href=\"https:\/\/meste.org\/M2018s.html\" class=\"menu-link\">Menad\u017ement 2018<\/a><\/li>\n<li id=\"menu-item-147\" class=\"menu-item menu-item-type-custom menu-item-object-custom menu-item-147\"><a href=\"https:\/\/meste.org\/konf\/Arhiva\/Man_2016\/index2016.html\" class=\"menu-link\">Menad\u017ement 2016<\/a><\/li>\n<\/ul><\/nav><\/aside><aside id=\"nav_menu-7\" class=\"widget widget_nav_menu\"><h2 class=\"widget-title\">Books of abstracts_archive<\/h2><nav class=\"menu-sidebar-meni_zbornici-radova_arhiva-container\" aria-label=\"Books of abstracts_archive\"><ul id=\"menu-sidebar-meni_zbornici-radova_arhiva\" class=\"menu\"><li id=\"menu-item-181\" class=\"menu-item menu-item-type-custom menu-item-object-custom menu-item-181\"><a href=\"https:\/\/mip2022.mbuniverzitet.edu.rs\/wp-content\/uploads\/2022\/09\/BOOK-OF-ABSTRACTS-MB-2022.pdf\" class=\"menu-link\">Menad\u017ement i pravo 2022<\/a><\/li>\n<li id=\"menu-item-178\" class=\"menu-item menu-item-type-custom menu-item-object-custom menu-item-178\"><a href=\"https:\/\/www.meste.org\/M2020\/Zbornik.pdf\" class=\"menu-link\">Menad\u017ement 2020<\/a><\/li>\n<li id=\"menu-item-179\" class=\"menu-item menu-item-type-custom menu-item-object-custom menu-item-179\"><a href=\"https:\/\/www.meste.org\/konf\/Arhiva\/Man_2018\/index2018.html\" class=\"menu-link\">Menad\u017ement 2018<\/a><\/li>\n<li id=\"menu-item-180\" class=\"menu-item menu-item-type-custom menu-item-object-custom menu-item-180\"><a href=\"https:\/\/www.meste.org\/konf\/Arhiva\/Man_2016\/index2016.html\" class=\"menu-link\">Menad\u017ement 2016<\/a><\/li>\n<\/ul><\/nav><\/aside>\t\t\t\t<\/div>\n\t\t\t\t<\/div>\n\t\t\t\t\t<\/div>\n\t\t<\/div>\n\t\t\t\t\t<\/div>\n\t\t<\/section>\n\t\t\t\t<section class=\"elementor-section elementor-top-section elementor-element elementor-element-5f74c5ad elementor-section-full_width elementor-section-height-default elementor-section-height-default\" data-id=\"5f74c5ad\" data-element_type=\"section\" data-e-type=\"section\">\n\t\t\t\t\t\t<div class=\"elementor-container elementor-column-gap-default\">\n\t\t\t\t\t<div class=\"elementor-column elementor-col-100 elementor-top-column elementor-element elementor-element-3598e4f1\" data-id=\"3598e4f1\" data-element_type=\"column\" data-e-type=\"column\">\n\t\t\t<div class=\"elementor-widget-wrap elementor-element-populated\">\n\t\t\t\t\t\t<div class=\"elementor-element elementor-element-7f9bb914 elementor-widget elementor-widget-spacer\" data-id=\"7f9bb914\" data-element_type=\"widget\" data-e-type=\"widget\" data-widget_type=\"spacer.default\">\n\t\t\t\t<div class=\"elementor-widget-container\">\n\t\t\t\t\t\t\t<div class=\"elementor-spacer\">\n\t\t\t<div class=\"elementor-spacer-inner\"><\/div>\n\t\t<\/div>\n\t\t\t\t\t\t<\/div>\n\t\t\t\t<\/div>\n\t\t\t\t\t<\/div>\n\t\t<\/div>\n\t\t\t\t\t<\/div>\n\t\t<\/section>\n\t\t\t\t<\/div>","protected":false},"excerpt":{"rendered":"<p>Uvodna re\u010d Me\u0111unarodna nau\u010dna konferencija \u201cMenad\u017ement i pravo 2022\u201d odr\u017eava se na Poslovnom i pravnom fakultetu Univerziteta \u201cMB\u201d iz Beograda po \u0161esti put. Tema Me\u0111unarodne nau\u010dne konferencije &#8222;Menad\u017ement i pravo 2022&#8220; je: Globalizacija i savremeno poslovanje. Odr\u017eava se 16. septembra 2022. godine. Me\u0111unarodna tematska nau\u010dna konferencija \u0107e zapo\u010deti plenarnom sednicom koja ima za cilj da [&hellip;]<\/p>\n","protected":false},"author":1,"featured_media":0,"parent":0,"menu_order":0,"comment_status":"closed","ping_status":"closed","template":"","meta":{"site-sidebar-layout":"no-sidebar","site-content-layout":"page-builder","ast-site-content-layout":"default","site-content-style":"default","site-sidebar-style":"default","ast-global-header-display":"","ast-banner-title-visibility":"","ast-main-header-display":"","ast-hfb-above-header-display":"","ast-hfb-below-header-display":"","ast-hfb-mobile-header-display":"","site-post-title":"disabled","ast-breadcrumbs-content":"","ast-featured-img":"disabled","footer-sml-layout":"","ast-disable-related-posts":"","theme-transparent-header-meta":"","adv-header-id-meta":"","stick-header-meta":"","header-above-stick-meta":"","header-main-stick-meta":"","header-below-stick-meta":"","astra-migrate-meta-layouts":"default","ast-page-background-enabled":"default","ast-page-background-meta":{"desktop":{"background-color":"var(--ast-global-color-4)","background-image":"","background-repeat":"repeat","background-position":"center center","background-size":"auto","background-attachment":"scroll","background-type":"","background-media":"","overlay-type":"","overlay-color":"","overlay-opacity":"","overlay-gradient":""},"tablet":{"background-color":"","background-image":"","background-repeat":"repeat","background-position":"center center","background-size":"auto","background-attachment":"scroll","background-type":"","background-media":"","overlay-type":"","overlay-color":"","overlay-opacity":"","overlay-gradient":""},"mobile":{"background-color":"","background-image":"","background-repeat":"repeat","background-position":"center center","background-size":"auto","background-attachment":"scroll","background-type":"","background-media":"","overlay-type":"","overlay-color":"","overlay-opacity":"","overlay-gradient":""}},"ast-content-background-meta":{"desktop":{"background-color":"var(--ast-global-color-5)","background-image":"","background-repeat":"repeat","background-position":"center center","background-size":"auto","background-attachment":"scroll","background-type":"","background-media":"","overlay-type":"","overlay-color":"","overlay-opacity":"","overlay-gradient":""},"tablet":{"background-color":"var(--ast-global-color-5)","background-image":"","background-repeat":"repeat","background-position":"center center","background-size":"auto","background-attachment":"scroll","background-type":"","background-media":"","overlay-type":"","overlay-color":"","overlay-opacity":"","overlay-gradient":""},"mobile":{"background-color":"var(--ast-global-color-5)","background-image":"","background-repeat":"repeat","background-position":"center center","background-size":"auto","background-attachment":"scroll","background-type":"","background-media":"","overlay-type":"","overlay-color":"","overlay-opacity":"","overlay-gradient":""}},"footnotes":""},"class_list":["post-64","page","type-page","status-publish","hentry"],"_links":{"self":[{"href":"https:\/\/mip2022.mbuniverzitet.edu.rs\/en\/wp-json\/wp\/v2\/pages\/64","targetHints":{"allow":["GET"]}}],"collection":[{"href":"https:\/\/mip2022.mbuniverzitet.edu.rs\/en\/wp-json\/wp\/v2\/pages"}],"about":[{"href":"https:\/\/mip2022.mbuniverzitet.edu.rs\/en\/wp-json\/wp\/v2\/types\/page"}],"author":[{"embeddable":true,"href":"https:\/\/mip2022.mbuniverzitet.edu.rs\/en\/wp-json\/wp\/v2\/users\/1"}],"replies":[{"embeddable":true,"href":"https:\/\/mip2022.mbuniverzitet.edu.rs\/en\/wp-json\/wp\/v2\/comments?post=64"}],"version-history":[{"count":0,"href":"https:\/\/mip2022.mbuniverzitet.edu.rs\/en\/wp-json\/wp\/v2\/pages\/64\/revisions"}],"wp:attachment":[{"href":"https:\/\/mip2022.mbuniverzitet.edu.rs\/en\/wp-json\/wp\/v2\/media?parent=64"}],"curies":[{"name":"wp","href":"https:\/\/api.w.org\/{rel}","templated":true}]}}