{"id":393,"date":"2022-04-18T11:12:07","date_gmt":"2022-04-18T09:12:07","guid":{"rendered":"https:\/\/mip2022.mbuniverzitet.edu.rs\/?page_id=393"},"modified":"2024-07-04T11:43:00","modified_gmt":"2024-07-04T09:43:00","slug":"naucni-odbor","status":"publish","type":"page","link":"https:\/\/mip2022.mbuniverzitet.edu.rs\/en\/naucni-odbor\/","title":{"rendered":"Scientific board"},"content":{"rendered":"<div data-elementor-type=\"wp-page\" data-elementor-id=\"393\" class=\"elementor elementor-393\">\n\t\t\t\t\t\t<section class=\"elementor-section elementor-top-section elementor-element elementor-element-42e727f9 elementor-section-full_width elementor-section-height-default elementor-section-height-default\" data-id=\"42e727f9\" data-element_type=\"section\" data-e-type=\"section\">\n\t\t\t\t\t\t<div class=\"elementor-container elementor-column-gap-default\">\n\t\t\t\t\t<div class=\"elementor-column elementor-col-100 elementor-top-column elementor-element elementor-element-31462830\" data-id=\"31462830\" data-element_type=\"column\" data-e-type=\"column\">\n\t\t\t<div class=\"elementor-widget-wrap elementor-element-populated\">\n\t\t\t\t\t\t<div class=\"elementor-element elementor-element-7e14ac64 elementor-widget elementor-widget-spacer\" data-id=\"7e14ac64\" data-element_type=\"widget\" data-e-type=\"widget\" data-widget_type=\"spacer.default\">\n\t\t\t\t<div class=\"elementor-widget-container\">\n\t\t\t\t\t\t\t<div class=\"elementor-spacer\">\n\t\t\t<div class=\"elementor-spacer-inner\"><\/div>\n\t\t<\/div>\n\t\t\t\t\t\t<\/div>\n\t\t\t\t<\/div>\n\t\t\t\t\t<\/div>\n\t\t<\/div>\n\t\t\t\t\t<\/div>\n\t\t<\/section>\n\t\t\t\t<section class=\"elementor-section elementor-top-section elementor-element elementor-element-19c6000e elementor-section-boxed elementor-section-height-default elementor-section-height-default\" data-id=\"19c6000e\" data-element_type=\"section\" data-e-type=\"section\">\n\t\t\t\t\t\t<div class=\"elementor-container elementor-column-gap-default\">\n\t\t\t\t\t<div class=\"elementor-column elementor-col-50 elementor-top-column elementor-element elementor-element-39d64581\" data-id=\"39d64581\" data-element_type=\"column\" data-e-type=\"column\">\n\t\t\t<div class=\"elementor-widget-wrap elementor-element-populated\">\n\t\t\t\t\t\t<div class=\"elementor-element elementor-element-14084d0c elementor-widget elementor-widget-heading\" data-id=\"14084d0c\" data-element_type=\"widget\" data-e-type=\"widget\" data-widget_type=\"heading.default\">\n\t\t\t\t<div class=\"elementor-widget-container\">\n\t\t\t\t\t<h2 class=\"elementor-heading-title elementor-size-default\">Nau\u010dni odbor - Scientific board<\/h2>\t\t\t\t<\/div>\n\t\t\t\t<\/div>\n\t\t\t\t<div class=\"elementor-element elementor-element-3bdd5bd8 elementor-widget elementor-widget-text-editor\" data-id=\"3bdd5bd8\" data-element_type=\"widget\" data-e-type=\"widget\" data-widget_type=\"text-editor.default\">\n\t\t\t\t<div class=\"elementor-widget-container\">\n\t\t\t\t\t\t\t\t\t<p>&#8211; Prof. Milija Bogavac, PhD, PPF, Beograd \u2013 President<br \/>&#8211; Prof. Du\u0161an Regodi\u0107, PhD, Rector of MB University, Belgrade<br \/>&#8211; Prof. Zivanka Miladinovic Bogavac, PhD, Vice Rector MB University, Belgrade<br \/>&#8211; Prof. Nedjo Danilovic, PhD, Vice Rector MB University, Belgrade<br \/>&#8211; Prof. Marija Kosti\u0107, PhD, Vice Dean for Teaching, PPF, Belgrade<br \/>&#8211; Prof. Lazi\u0107 B. Dragana, PhD, PPF, Belgrade<br \/>&#8211; Prof. Maksimovi\u0107 L. Sne\u017eana, PhD, PPF, Belgrade<br \/>&#8211; Prof. Pe\u0161i\u0107 B. Aleksandar, PhD, PPF, Belgrade<br \/>&#8211; Prof. Manylich Mikhail Ivanovich, PhD, BU, Chernivtsi<br \/>&#8211; Prof. Daniela Todorova, PhD, VTU &#8222;Todor Kableshkov&#8220;, Sofia<br \/>&#8211; Prof. Ing. Tatiana \u010corejov\u00e1, PhD., UNIZA, \u017dilina<br \/>&#8211; Prof. Ing. Viera Cibakova, PhD, CSc, VSEMvs, Bratislava<br \/>&#8211; Prof. Kuizheva Saida Kazbekovna, PhD, MSTU, Maykop<br \/>&#8211; Dr. hab. prof. AJD Anna Wypych-Gawro\u0144ska, JDU, Czestochowa<br \/>&#8211; Prof. Lyu Zhongda, PhD, NUT, Ningbo<br \/>&#8211; Prof. Vyacheslav A. Sharshunov, PhD, MSUFT, Mogilev<br \/>&#8211; Prof. Ruslan Penchev, PhD, IBS, Botevgrad<br \/>&#8211; Prof. Fabio Fortuna, PhD, UNC, Rome<br \/>&#8211; Prof. Dmitry Lazovsky, PhD. PSU, Novopolotsk<br \/>&#8211; Prof. Eugeniy N. Safonov, DSc, RGGU, Domodedovo<br \/>&#8211; Prof. Aleksey Alekseyevich Moskvitin, PhD, AMTI, Armavir<br \/>&#8211; Prof. Ing. Zdenek Dvorak, PhD, UNIZA, \u017dilina<br \/>&#8211; Prof. Eshugova Svetlana Kadirbechivna, CSc, FES, Maykop<br \/>&#8211; Prof. Petar Kolev, DSc, VTU &#8222;Todor Kableshkov&#8220;, Sofia<br \/>&#8211; Prof. Yaroslav Vyklyuk, DSc, Bukovina University, Chernivtsi<br \/>&#8211; Prof. Nencho Nenov, PhD, VTU &#8222;Todor Kableshkov&#8220;, Sofia<br \/>&#8211; Prof. Anatoli Molokovitch, CSc, SBMT, Minsk<br \/>&#8211; Prof. Lyudmila Prigoda, PhD, MSTU, Maykop<br \/>&#8211; Prof. Sergey Kirsanov, PhD, RSHU, St. Petersburg<br \/>&#8211; Prof. Oldrich Kratochvil, DSc, EPI, Kunovice<br \/>&#8211; Prof. Emeritus Velimir Sotirovic, IU, Br\u010dko<br \/>&#8211; Prof. Mehmed Avdagic, PhD, PPDIVUT, Sarajevo<br \/>&#8211; Prof. Timaev Andrey Andreyevich, CSc, BSAA, Gorky<br \/>&#8211; Prof. Rumen Georgiev, Ph.D. Scs., IBS, Botevgrad<br \/>&#8211; Assoc. Prof. Ing. Stanislav Filip, PhD, VSEMvs, Bratislava<br \/>&#8211; Assoc. Prof., Wang Bo, PhD, NUT, Ningbo<br \/>&#8211; Assoc. Prof. Ivona Palgan, PhD, HSSSaT, Radom<br \/>&#8211; Assoc. Prof., Irina Ivanova, CSc., MGP, Mogilev<br \/>&#8211; Assoc. Prof. PhDr. Zolt\u00e1n R\u00f3zsa, PhD, VSEMvs, Bratislava<br \/>&#8211; Assoc. Prof. Ing. \u013dubos Cib\u00e1k, PhD. MBA, VSEMvs Assoc.<br \/>&#8211; Assoc. Prof. Oksana Koshulko, Ph.D., PSU, Novopolotsk<br \/>&#8211; Assis. Prof. Ljupco Eftimov, PhD, FE, Skopje<br \/>&#8211; Nina Gergova, PhD, VTU &#8222;Todor Kableshkov&#8220;, Sofia<br \/>&#8211; Ing. Kavka Jaroslaw, EUPI, Kunovice<br \/>&#8211; Prim. Senka Rendulic Slivar, PhD, AMS, Zagreb<br \/>&#8211; Bruno Bojic, PhD, FTC of B&amp;H, Sarajevo<br \/>&#8211; Dr. Srdjan Blagojevic, IT Expert, Belgrade<br \/>&#8211; prof. Bo\u0161ko Rodi\u0107, PhD, IT Expert, Belgrade<br \/>&#8211; prof. Maria Hristova, PhD, VTU &#8222;Todor Kableshkov&#8220;, Sofia<br \/>&#8211; prof. Dragan \u0110ur\u0111evi\u0107, PhD, Academy for National Security, Belgrade<br \/>&#8211; Oksana Koshulko, PhD, Alfred Nobel University, Dnipro city<br \/>&#8211; Prof. \u010cekerevac P. Zoran, PhD, PPF, Belgrade<br \/>&#8211; Prof. Aleksandar Damnjanovi\u0107, PhD, PPF, Belgrade<br \/>&#8211; Assoc. Prof. Dimi\u0107 A. Violeta, PhD, PPF, Belgrade<br \/>&#8211; Prof. Despotovi\u0107 M. Danijela, PhD, PPF, Belgrade<br \/>&#8211; Prof. \u0110or\u0111evi\u0107 \u017d. Slavko, PhD, PPF, Belgrade<br \/>&#8211; prof. Djordjevic C. Srdjan, PhD, PPF, Belgrade<br \/>&#8211; Assoc. Prof. Ivkovi\u0107 M. Ratko, PhD, PPF, Belgrade<br \/>&#8211; Prof. Jerotijevi\u0107 B. Zoran, PhD, PPF, Belgrade<br \/>&#8211; Assoc. Prof. Jerotijevi\u0107 Z. Du\u0161an, PhD, PPF, Belgrade<br \/>&#8211; Assoc. Prof. Milanka Bogavac, PhD, PPF, Belgrade<br \/>&#8211; Prof. Jovanovi\u0107 M. Nenad, PhD, PPF, Belgrade<br \/>&#8211; Prof. Kilibarda D. Goran, PhD, PPF, Belgrade<br \/>&#8211; Prof. Klimanta O. Dardan, PhD, PPF, Belgrade<br \/>&#8211; Prof. Kuli\u0107 V. Mirko, PhD, PPF, Belgrade<br \/>&#8211; Prof. Kotlica I. Slobodan, PhD, PPF, Belgrade<br \/>&#8211; Prof. Krivokapi\u0107 \u0110. Boris, PhD, PPF, Belgrade<br \/>&#8211; Prof. Lazi\u0107 B. Dragana, PhD, PPF, Belgrade<br \/>&#8211; Prof. Leki\u0107 N. Predrag, PhD, PPF, Belgrade<br \/>&#8211; Prof. Maksimovi\u0107 L. Sne\u017eana, PhD, PPF, Belgrade<br \/>&#8211; Manojlovi\u0107 D. Sanja, PhD, PPF, Belgrade<br \/>&#8211; Prof. Milanovi\u0107 M. Vesna, PhD, PPF, Belgrade<br \/>&#8211; Prof. Mileti\u0107 R. Vesna, PhD, PPF, Belgrade<br \/>&#8211; Assoc. Prof. Miljkovic A. Ljubomir, PhD, PPF, Belgrade<br \/>&#8211; Prof. Mi\u0161kovi\u0107 D. Vanja, PhD, PPF, Belgrade<br \/>&#8211; Assoc. Prof. Nikoli\u0107 S. Dejan, PhD, PPF, Belgrade<br \/>&#8211; Prof. Nikoli\u0107 B. Zorica, PhD, PPF, Belgrade<br \/>&#8211; Prof. Paunovi\u0107 V. Marija, PhD, PPF, Belgrade<br \/>&#8211; Prof. Pe\u0161i\u0107 B. Aleksandar, PhD, PPF, Belgrade<br \/>&#8211; Prof. Petrovi\u0107 F. Aleksandar, PhD, PPF, Belgrade<br \/>&#8211; Assoc. Prof. Petrovic B. Biljana, PhD, PPF, Belgrade<br \/>&#8211; Assoc. Prof. Petrovic Lj. Slobodan, PhD, PPF, Belgrade<br \/>&#8211; Prof. Ristic D. Nenad, PhD, PPF, Belgrade<br \/>&#8211; Prof. Risti\u0107 \u017d. Kristian, PhD, PPF, Belgrade<br \/>&#8211; Prof. Simi\u0107 N. Milan, PhD, PPF, Belgrade<br \/>&#8211; Prof. Simi\u0107 V. Nata\u0161a, PhD, PPF, Belgrade<br \/>&#8211; Prof. Stamatovi\u0107 Lj. Milan, PhD, PPF, Belgrade<br \/>&#8211; Prof. Stankovi\u0107 M. Sanja, PhD, PPF, Belgrade<br \/>&#8211; Prof. Stojanovi\u0107 R. Sne\u017eana, PhD, PPF, Belgrade<br \/>&#8211; Prof. Stojanovi\u0107 S. Vladimir, PhD, PPF, Belgrade<br \/>&#8211; Prof. Sto\u0161i\u0107 V. Lazar, PhD, PPF, Belgrade<br \/>&#8211; Prof. Robert Dimitrovski, PhD, Knowledge Management Institute, Skopje<br \/>&#8211; Prof. Zoran Mastilo, PhD, Oikos Institute &#8211; Research Center, Bijeljina<br \/>&#8211; Prof. \u0160kunca V. Dubravka, PhD, PPF, Belgrade<br \/>&#8211; Assoc. Prof. Vasi\u0107 V. Bata, PhD, PPF, Belgrade<br \/>&#8211; Assoc. Prof. Vasi\u0107 B. \u010cedomir, PhD, PPF, Belgrade<br \/>&#8211; Assoc. Prof. Vasilkov V. Zoran\u010do, PhD, PPF, Belgrade<br \/>&#8211; Prof. Vla\u0161kovi\u0107 B. Vesela, PhD, PPF, Belgrade<br \/>&#8211; Assoc. Prof. Vujovi\u0107 B. Vuk, PhD, PPF, Belgrade<br \/>&#8211; Assoc. Prof. Vukovi\u0107 M. Jelena, PhD, PPF, Belgrade<br \/>&#8211; Prof. Cvetkovski Tatjana, PhD, PPF, Belgrade<br \/>&#8211; Prof. Dragana Trnavac, PhD, PPF, Belgrade<br \/>&#8211; Prof. Tomanovi\u0107 Violeta, PhD, PPF, Belgrade\u00a0<\/p>\t\t\t\t\t\t\t\t<\/div>\n\t\t\t\t<\/div>\n\t\t\t\t\t<\/div>\n\t\t<\/div>\n\t\t\t\t<div class=\"elementor-column elementor-col-50 elementor-top-column elementor-element elementor-element-61d08817\" data-id=\"61d08817\" data-element_type=\"column\" data-e-type=\"column\">\n\t\t\t<div class=\"elementor-widget-wrap elementor-element-populated\">\n\t\t\t\t\t\t<div class=\"elementor-element elementor-element-308dcd5d elementor-widget elementor-widget-sidebar\" data-id=\"308dcd5d\" data-element_type=\"widget\" data-e-type=\"widget\" data-widget_type=\"sidebar.default\">\n\t\t\t\t<div class=\"elementor-widget-container\">\n\t\t\t\t\t<aside id=\"block-2\" class=\"widget widget_block widget_search\"><form role=\"search\" method=\"get\" action=\"https:\/\/mip2022.mbuniverzitet.edu.rs\/en\/\" class=\"wp-block-search__button-outside wp-block-search__icon-button wp-block-search\" data-trp-original-action=\"https:\/\/mip2022.mbuniverzitet.edu.rs\/en\/\"    ><label class=\"wp-block-search__label screen-reader-text\" for=\"wp-block-search__input-1\" >Search<\/label><div class=\"wp-block-search__inside-wrapper\"  style=\"width: 305px\"><input class=\"wp-block-search__input\" id=\"wp-block-search__input-1\" placeholder=\"\" value=\"\" type=\"search\" name=\"s\" required \/><button aria-label=\"Pretraga\" class=\"wp-block-search__button has-icon wp-element-button\" type=\"submit\" ><svg class=\"search-icon\" viewbox=\"0 0 24 24\" width=\"24\" height=\"24\">\n\t\t\t\t\t<path d=\"M13 5c-3.3 0-6 2.7-6 6 0 1.4.5 2.7 1.3 3.7l-3.8 3.8 1.1 1.1 3.8-3.8c1 .8 2.3 1.3 3.7 1.3 3.3 0 6-2.7 6-6S16.3 5 13 5zm0 10.5c-2.5 0-4.5-2-4.5-4.5s2-4.5 4.5-4.5 4.5 2 4.5 4.5-2 4.5-4.5 4.5z\"><\/path>\n\t\t\t\t<\/svg><\/button><\/div><input type=\"hidden\" name=\"trp-form-language\" value=\"en\"\/><\/form><\/aside><aside id=\"nav_menu-5\" class=\"widget widget_nav_menu\"><h2 class=\"widget-title\">Previous Conferences<\/h2><nav class=\"menu-sidebar-meni_prethodne-konferencije-container\" aria-label=\"Previous Conferences\"><ul id=\"menu-sidebar-meni_prethodne-konferencije\" class=\"menu\"><li id=\"menu-item-145\" class=\"menu-item menu-item-type-custom menu-item-object-custom menu-item-145\"><a href=\"https:\/\/meste.org\/M2020\/M2020_CD.html\" class=\"menu-link\">Menad\u017ement 2020<\/a><\/li>\n<li id=\"menu-item-146\" class=\"menu-item menu-item-type-custom menu-item-object-custom menu-item-146\"><a href=\"https:\/\/meste.org\/M2018s.html\" class=\"menu-link\">Menad\u017ement 2018<\/a><\/li>\n<li id=\"menu-item-147\" class=\"menu-item menu-item-type-custom menu-item-object-custom menu-item-147\"><a href=\"https:\/\/meste.org\/konf\/Arhiva\/Man_2016\/index2016.html\" class=\"menu-link\">Menad\u017ement 2016<\/a><\/li>\n<\/ul><\/nav><\/aside><aside id=\"nav_menu-7\" class=\"widget widget_nav_menu\"><h2 class=\"widget-title\">Books of abstracts_archive<\/h2><nav class=\"menu-sidebar-meni_zbornici-radova_arhiva-container\" aria-label=\"Books of abstracts_archive\"><ul id=\"menu-sidebar-meni_zbornici-radova_arhiva\" class=\"menu\"><li id=\"menu-item-181\" class=\"menu-item menu-item-type-custom menu-item-object-custom menu-item-181\"><a href=\"https:\/\/mip2022.mbuniverzitet.edu.rs\/wp-content\/uploads\/2022\/09\/BOOK-OF-ABSTRACTS-MB-2022.pdf\" class=\"menu-link\">Menad\u017ement i pravo 2022<\/a><\/li>\n<li id=\"menu-item-178\" class=\"menu-item menu-item-type-custom menu-item-object-custom menu-item-178\"><a href=\"https:\/\/www.meste.org\/M2020\/Zbornik.pdf\" class=\"menu-link\">Menad\u017ement 2020<\/a><\/li>\n<li id=\"menu-item-179\" class=\"menu-item menu-item-type-custom menu-item-object-custom menu-item-179\"><a href=\"https:\/\/www.meste.org\/konf\/Arhiva\/Man_2018\/index2018.html\" class=\"menu-link\">Menad\u017ement 2018<\/a><\/li>\n<li id=\"menu-item-180\" class=\"menu-item menu-item-type-custom menu-item-object-custom menu-item-180\"><a href=\"https:\/\/www.meste.org\/konf\/Arhiva\/Man_2016\/index2016.html\" class=\"menu-link\">Menad\u017ement 2016<\/a><\/li>\n<\/ul><\/nav><\/aside>\t\t\t\t<\/div>\n\t\t\t\t<\/div>\n\t\t\t\t\t<\/div>\n\t\t<\/div>\n\t\t\t\t\t<\/div>\n\t\t<\/section>\n\t\t\t\t<section class=\"elementor-section elementor-top-section elementor-element elementor-element-7b6f2e17 elementor-section-full_width elementor-section-height-default elementor-section-height-default\" data-id=\"7b6f2e17\" data-element_type=\"section\" data-e-type=\"section\">\n\t\t\t\t\t\t<div class=\"elementor-container elementor-column-gap-default\">\n\t\t\t\t\t<div class=\"elementor-column elementor-col-100 elementor-top-column elementor-element elementor-element-1a792784\" data-id=\"1a792784\" data-element_type=\"column\" data-e-type=\"column\">\n\t\t\t<div class=\"elementor-widget-wrap elementor-element-populated\">\n\t\t\t\t\t\t<div class=\"elementor-element elementor-element-792295df elementor-widget elementor-widget-spacer\" data-id=\"792295df\" data-element_type=\"widget\" data-e-type=\"widget\" data-widget_type=\"spacer.default\">\n\t\t\t\t<div class=\"elementor-widget-container\">\n\t\t\t\t\t\t\t<div class=\"elementor-spacer\">\n\t\t\t<div class=\"elementor-spacer-inner\"><\/div>\n\t\t<\/div>\n\t\t\t\t\t\t<\/div>\n\t\t\t\t<\/div>\n\t\t\t\t\t<\/div>\n\t\t<\/div>\n\t\t\t\t\t<\/div>\n\t\t<\/section>\n\t\t\t\t<\/div>","protected":false},"excerpt":{"rendered":"<p>Nau\u010dni odbor &#8211; Scientific board &#8211; Prof. Milija Bogavac, PhD, PPF, Beograd \u2013 President&#8211; Prof. Du\u0161an Regodi\u0107, PhD, Rector of MB University, Belgrade&#8211; Prof. Zivanka Miladinovic Bogavac, PhD, Vice Rector MB University, Belgrade&#8211; Prof. Nedjo Danilovic, PhD, Vice Rector MB University, Belgrade&#8211; Prof. Marija Kosti\u0107, PhD, Vice Dean for Teaching, PPF, Belgrade&#8211; Prof. Lazi\u0107 B. [&hellip;]<\/p>\n","protected":false},"author":1,"featured_media":0,"parent":0,"menu_order":0,"comment_status":"closed","ping_status":"closed","template":"","meta":{"site-sidebar-layout":"no-sidebar","site-content-layout":"page-builder","ast-site-content-layout":"full-width-container","site-content-style":"unboxed","site-sidebar-style":"unboxed","ast-global-header-display":"","ast-banner-title-visibility":"","ast-main-header-display":"","ast-hfb-above-header-display":"","ast-hfb-below-header-display":"","ast-hfb-mobile-header-display":"","site-post-title":"disabled","ast-breadcrumbs-content":"","ast-featured-img":"disabled","footer-sml-layout":"","ast-disable-related-posts":"","theme-transparent-header-meta":"","adv-header-id-meta":"","stick-header-meta":"","header-above-stick-meta":"","header-main-stick-meta":"","header-below-stick-meta":"","astra-migrate-meta-layouts":"set","ast-page-background-enabled":"default","ast-page-background-meta":{"desktop":{"background-color":"var(--ast-global-color-4)","background-image":"","background-repeat":"repeat","background-position":"center center","background-size":"auto","background-attachment":"scroll","background-type":"","background-media":"","overlay-type":"","overlay-color":"","overlay-opacity":"","overlay-gradient":""},"tablet":{"background-color":"","background-image":"","background-repeat":"repeat","background-position":"center center","background-size":"auto","background-attachment":"scroll","background-type":"","background-media":"","overlay-type":"","overlay-color":"","overlay-opacity":"","overlay-gradient":""},"mobile":{"background-color":"","background-image":"","background-repeat":"repeat","background-position":"center center","background-size":"auto","background-attachment":"scroll","background-type":"","background-media":"","overlay-type":"","overlay-color":"","overlay-opacity":"","overlay-gradient":""}},"ast-content-background-meta":{"desktop":{"background-color":"var(--ast-global-color-5)","background-image":"","background-repeat":"repeat","background-position":"center center","background-size":"auto","background-attachment":"scroll","background-type":"","background-media":"","overlay-type":"","overlay-color":"","overlay-opacity":"","overlay-gradient":""},"tablet":{"background-color":"var(--ast-global-color-5)","background-image":"","background-repeat":"repeat","background-position":"center center","background-size":"auto","background-attachment":"scroll","background-type":"","background-media":"","overlay-type":"","overlay-color":"","overlay-opacity":"","overlay-gradient":""},"mobile":{"background-color":"var(--ast-global-color-5)","background-image":"","background-repeat":"repeat","background-position":"center center","background-size":"auto","background-attachment":"scroll","background-type":"","background-media":"","overlay-type":"","overlay-color":"","overlay-opacity":"","overlay-gradient":""}},"footnotes":""},"class_list":["post-393","page","type-page","status-publish","hentry"],"_links":{"self":[{"href":"https:\/\/mip2022.mbuniverzitet.edu.rs\/en\/wp-json\/wp\/v2\/pages\/393","targetHints":{"allow":["GET"]}}],"collection":[{"href":"https:\/\/mip2022.mbuniverzitet.edu.rs\/en\/wp-json\/wp\/v2\/pages"}],"about":[{"href":"https:\/\/mip2022.mbuniverzitet.edu.rs\/en\/wp-json\/wp\/v2\/types\/page"}],"author":[{"embeddable":true,"href":"https:\/\/mip2022.mbuniverzitet.edu.rs\/en\/wp-json\/wp\/v2\/users\/1"}],"replies":[{"embeddable":true,"href":"https:\/\/mip2022.mbuniverzitet.edu.rs\/en\/wp-json\/wp\/v2\/comments?post=393"}],"version-history":[{"count":0,"href":"https:\/\/mip2022.mbuniverzitet.edu.rs\/en\/wp-json\/wp\/v2\/pages\/393\/revisions"}],"wp:attachment":[{"href":"https:\/\/mip2022.mbuniverzitet.edu.rs\/en\/wp-json\/wp\/v2\/media?parent=393"}],"curies":[{"name":"wp","href":"https:\/\/api.w.org\/{rel}","templated":true}]}}