{"id":391,"date":"2022-04-18T11:11:32","date_gmt":"2022-04-18T09:11:32","guid":{"rendered":"https:\/\/mip2022.mbuniverzitet.edu.rs\/?page_id=391"},"modified":"2022-04-19T10:16:42","modified_gmt":"2022-04-19T08:16:42","slug":"sekretarijat-medunarodnog-naucnog-skupa","status":"publish","type":"page","link":"https:\/\/mip2022.mbuniverzitet.edu.rs\/en\/sekretarijat-medunarodnog-naucnog-skupa\/","title":{"rendered":"Secretariat of the International Scientific Conference"},"content":{"rendered":"<div data-elementor-type=\"wp-page\" data-elementor-id=\"391\" class=\"elementor elementor-391\">\n\t\t\t\t\t\t<section class=\"elementor-section elementor-top-section elementor-element elementor-element-7d1f2288 elementor-section-full_width elementor-section-height-default elementor-section-height-default\" data-id=\"7d1f2288\" data-element_type=\"section\" data-e-type=\"section\">\n\t\t\t\t\t\t<div class=\"elementor-container elementor-column-gap-default\">\n\t\t\t\t\t<div class=\"elementor-column elementor-col-100 elementor-top-column elementor-element elementor-element-5da24089\" data-id=\"5da24089\" data-element_type=\"column\" data-e-type=\"column\">\n\t\t\t<div class=\"elementor-widget-wrap elementor-element-populated\">\n\t\t\t\t\t\t<div class=\"elementor-element elementor-element-1feb8d78 elementor-widget elementor-widget-spacer\" data-id=\"1feb8d78\" data-element_type=\"widget\" data-e-type=\"widget\" data-widget_type=\"spacer.default\">\n\t\t\t\t<div class=\"elementor-widget-container\">\n\t\t\t\t\t\t\t<div class=\"elementor-spacer\">\n\t\t\t<div class=\"elementor-spacer-inner\"><\/div>\n\t\t<\/div>\n\t\t\t\t\t\t<\/div>\n\t\t\t\t<\/div>\n\t\t\t\t\t<\/div>\n\t\t<\/div>\n\t\t\t\t\t<\/div>\n\t\t<\/section>\n\t\t\t\t<section class=\"elementor-section elementor-top-section elementor-element elementor-element-38f71ad1 elementor-section-boxed elementor-section-height-default elementor-section-height-default\" data-id=\"38f71ad1\" data-element_type=\"section\" data-e-type=\"section\">\n\t\t\t\t\t\t<div class=\"elementor-container elementor-column-gap-default\">\n\t\t\t\t\t<div class=\"elementor-column elementor-col-50 elementor-top-column elementor-element elementor-element-2f0ce78e\" data-id=\"2f0ce78e\" data-element_type=\"column\" data-e-type=\"column\">\n\t\t\t<div class=\"elementor-widget-wrap elementor-element-populated\">\n\t\t\t\t\t\t<div class=\"elementor-element elementor-element-5534e364 elementor-widget elementor-widget-heading\" data-id=\"5534e364\" data-element_type=\"widget\" data-e-type=\"widget\" data-widget_type=\"heading.default\">\n\t\t\t\t<div class=\"elementor-widget-container\">\n\t\t\t\t\t<h2 class=\"elementor-heading-title elementor-size-default\">Secretariat of the International Scientific Conference<\/h2>\t\t\t\t<\/div>\n\t\t\t\t<\/div>\n\t\t\t\t<div class=\"elementor-element elementor-element-74fbaf2e elementor-widget elementor-widget-text-editor\" data-id=\"74fbaf2e\" data-element_type=\"widget\" data-e-type=\"widget\" data-widget_type=\"text-editor.default\">\n\t\t\t\t<div class=\"elementor-widget-container\">\n\t\t\t\t\t\t\t\t\t<p>Lazar Sto\u0161i\u0107, PhD, PPF, Belgrade - technical processing and preparation of electronic version of the Book of Proceedings<br \/>Mom\u010dilo Joki\u0107, PhD, PPF, Belgrade - marketing MNS and public relations<br \/>Sanja Manojlovi\u0107, MA, PPF, Belgrade - lector and translator into English<br \/>Vesna Gaji\u0161in, MA, PPF, Belgrade - lector and translator into English<br \/>Gordana Milivojevi\u0107, PhD, PPF, Belgrade - lector and translator into English<br \/>Dragan Stankovi\u0107, MBA, PPF, Belgrade - site administrator and technical support<br \/>Sanja Todorovi\u0107, PPF, Belgrade - preparation of marketing material<br \/>Aleksandar Mati\u0107, LL.M, PPF Belgrade<\/p>\t\t\t\t\t\t\t\t<\/div>\n\t\t\t\t<\/div>\n\t\t\t\t\t<\/div>\n\t\t<\/div>\n\t\t\t\t<div class=\"elementor-column elementor-col-50 elementor-top-column elementor-element elementor-element-17be9cd8\" data-id=\"17be9cd8\" data-element_type=\"column\" data-e-type=\"column\">\n\t\t\t<div class=\"elementor-widget-wrap elementor-element-populated\">\n\t\t\t\t\t\t<div class=\"elementor-element elementor-element-5dbd5dac elementor-widget elementor-widget-sidebar\" data-id=\"5dbd5dac\" data-element_type=\"widget\" data-e-type=\"widget\" data-widget_type=\"sidebar.default\">\n\t\t\t\t<div class=\"elementor-widget-container\">\n\t\t\t\t\t<aside id=\"block-2\" class=\"widget widget_block widget_search\"><form role=\"search\" method=\"get\" action=\"https:\/\/mip2022.mbuniverzitet.edu.rs\/en\/\" class=\"wp-block-search__button-outside wp-block-search__icon-button wp-block-search\" data-trp-original-action=\"https:\/\/mip2022.mbuniverzitet.edu.rs\/en\/\"    ><label class=\"wp-block-search__label screen-reader-text\" for=\"wp-block-search__input-1\" >Search<\/label><div class=\"wp-block-search__inside-wrapper\"  style=\"width: 305px\"><input class=\"wp-block-search__input\" id=\"wp-block-search__input-1\" placeholder=\"\" value=\"\" type=\"search\" name=\"s\" required \/><button aria-label=\"Pretraga\" class=\"wp-block-search__button has-icon wp-element-button\" type=\"submit\" ><svg class=\"search-icon\" viewbox=\"0 0 24 24\" width=\"24\" height=\"24\">\n\t\t\t\t\t<path d=\"M13 5c-3.3 0-6 2.7-6 6 0 1.4.5 2.7 1.3 3.7l-3.8 3.8 1.1 1.1 3.8-3.8c1 .8 2.3 1.3 3.7 1.3 3.3 0 6-2.7 6-6S16.3 5 13 5zm0 10.5c-2.5 0-4.5-2-4.5-4.5s2-4.5 4.5-4.5 4.5 2 4.5 4.5-2 4.5-4.5 4.5z\"><\/path>\n\t\t\t\t<\/svg><\/button><\/div><input type=\"hidden\" name=\"trp-form-language\" value=\"en\"\/><\/form><\/aside><aside id=\"nav_menu-5\" class=\"widget widget_nav_menu\"><h2 class=\"widget-title\">Previous Conferences<\/h2><nav class=\"menu-sidebar-meni_prethodne-konferencije-container\" aria-label=\"Previous Conferences\"><ul id=\"menu-sidebar-meni_prethodne-konferencije\" class=\"menu\"><li id=\"menu-item-145\" class=\"menu-item menu-item-type-custom menu-item-object-custom menu-item-145\"><a href=\"https:\/\/meste.org\/M2020\/M2020_CD.html\" class=\"menu-link\">Menad\u017ement 2020<\/a><\/li>\n<li id=\"menu-item-146\" class=\"menu-item menu-item-type-custom menu-item-object-custom menu-item-146\"><a href=\"https:\/\/meste.org\/M2018s.html\" class=\"menu-link\">Menad\u017ement 2018<\/a><\/li>\n<li id=\"menu-item-147\" class=\"menu-item menu-item-type-custom menu-item-object-custom menu-item-147\"><a href=\"https:\/\/meste.org\/konf\/Arhiva\/Man_2016\/index2016.html\" class=\"menu-link\">Menad\u017ement 2016<\/a><\/li>\n<\/ul><\/nav><\/aside><aside id=\"nav_menu-7\" class=\"widget widget_nav_menu\"><h2 class=\"widget-title\">Books of abstracts_archive<\/h2><nav class=\"menu-sidebar-meni_zbornici-radova_arhiva-container\" aria-label=\"Books of abstracts_archive\"><ul id=\"menu-sidebar-meni_zbornici-radova_arhiva\" class=\"menu\"><li id=\"menu-item-181\" class=\"menu-item menu-item-type-custom menu-item-object-custom menu-item-181\"><a href=\"https:\/\/mip2022.mbuniverzitet.edu.rs\/wp-content\/uploads\/2022\/09\/BOOK-OF-ABSTRACTS-MB-2022.pdf\" class=\"menu-link\">Menad\u017ement i pravo 2022<\/a><\/li>\n<li id=\"menu-item-178\" class=\"menu-item menu-item-type-custom menu-item-object-custom menu-item-178\"><a href=\"https:\/\/www.meste.org\/M2020\/Zbornik.pdf\" class=\"menu-link\">Menad\u017ement 2020<\/a><\/li>\n<li id=\"menu-item-179\" class=\"menu-item menu-item-type-custom menu-item-object-custom menu-item-179\"><a href=\"https:\/\/www.meste.org\/konf\/Arhiva\/Man_2018\/index2018.html\" class=\"menu-link\">Menad\u017ement 2018<\/a><\/li>\n<li id=\"menu-item-180\" class=\"menu-item menu-item-type-custom menu-item-object-custom menu-item-180\"><a href=\"https:\/\/www.meste.org\/konf\/Arhiva\/Man_2016\/index2016.html\" class=\"menu-link\">Menad\u017ement 2016<\/a><\/li>\n<\/ul><\/nav><\/aside>\t\t\t\t<\/div>\n\t\t\t\t<\/div>\n\t\t\t\t\t<\/div>\n\t\t<\/div>\n\t\t\t\t\t<\/div>\n\t\t<\/section>\n\t\t\t\t<section class=\"elementor-section elementor-top-section elementor-element elementor-element-592a8dd6 elementor-section-full_width elementor-section-height-default elementor-section-height-default\" data-id=\"592a8dd6\" data-element_type=\"section\" data-e-type=\"section\">\n\t\t\t\t\t\t<div class=\"elementor-container elementor-column-gap-default\">\n\t\t\t\t\t<div class=\"elementor-column elementor-col-100 elementor-top-column elementor-element elementor-element-6002b6eb\" data-id=\"6002b6eb\" data-element_type=\"column\" data-e-type=\"column\">\n\t\t\t<div class=\"elementor-widget-wrap elementor-element-populated\">\n\t\t\t\t\t\t<div class=\"elementor-element elementor-element-457d32c5 elementor-widget elementor-widget-spacer\" data-id=\"457d32c5\" data-element_type=\"widget\" data-e-type=\"widget\" data-widget_type=\"spacer.default\">\n\t\t\t\t<div class=\"elementor-widget-container\">\n\t\t\t\t\t\t\t<div class=\"elementor-spacer\">\n\t\t\t<div class=\"elementor-spacer-inner\"><\/div>\n\t\t<\/div>\n\t\t\t\t\t\t<\/div>\n\t\t\t\t<\/div>\n\t\t\t\t\t<\/div>\n\t\t<\/div>\n\t\t\t\t\t<\/div>\n\t\t<\/section>\n\t\t\t\t<\/div>","protected":false},"excerpt":{"rendered":"<p>Sekretarijat me\u0111unarodnog nau\u010dnog skupa Prof. Dr Lazar Sto\u0161i\u0107, PhD, PPF, Beograd &#8211; tehni\u010dka obrada i priprema elektronske verzije zbornikaProf. Dr Mom\u010dilo Joki\u0107, PhD, PPF, Beograd &#8211; marketing MNS i odnosi sa javnostiSanja \u010cuki\u0107, MA, PhD, PPF, Beograd &#8211; lektor i prevodilac na engleski jezikVesna Gaji\u0161in, MA, PhD, PPF, Beograd &#8211; lektor i prevodilac na engleski [&hellip;]<\/p>\n","protected":false},"author":1,"featured_media":0,"parent":0,"menu_order":0,"comment_status":"closed","ping_status":"closed","template":"","meta":{"site-sidebar-layout":"no-sidebar","site-content-layout":"page-builder","ast-site-content-layout":"default","site-content-style":"default","site-sidebar-style":"default","ast-global-header-display":"","ast-banner-title-visibility":"","ast-main-header-display":"","ast-hfb-above-header-display":"","ast-hfb-below-header-display":"","ast-hfb-mobile-header-display":"","site-post-title":"disabled","ast-breadcrumbs-content":"","ast-featured-img":"disabled","footer-sml-layout":"","ast-disable-related-posts":"","theme-transparent-header-meta":"","adv-header-id-meta":"","stick-header-meta":"","header-above-stick-meta":"","header-main-stick-meta":"","header-below-stick-meta":"","astra-migrate-meta-layouts":"default","ast-page-background-enabled":"default","ast-page-background-meta":{"desktop":{"background-color":"var(--ast-global-color-4)","background-image":"","background-repeat":"repeat","background-position":"center center","background-size":"auto","background-attachment":"scroll","background-type":"","background-media":"","overlay-type":"","overlay-color":"","overlay-opacity":"","overlay-gradient":""},"tablet":{"background-color":"","background-image":"","background-repeat":"repeat","background-position":"center center","background-size":"auto","background-attachment":"scroll","background-type":"","background-media":"","overlay-type":"","overlay-color":"","overlay-opacity":"","overlay-gradient":""},"mobile":{"background-color":"","background-image":"","background-repeat":"repeat","background-position":"center center","background-size":"auto","background-attachment":"scroll","background-type":"","background-media":"","overlay-type":"","overlay-color":"","overlay-opacity":"","overlay-gradient":""}},"ast-content-background-meta":{"desktop":{"background-color":"var(--ast-global-color-5)","background-image":"","background-repeat":"repeat","background-position":"center center","background-size":"auto","background-attachment":"scroll","background-type":"","background-media":"","overlay-type":"","overlay-color":"","overlay-opacity":"","overlay-gradient":""},"tablet":{"background-color":"var(--ast-global-color-5)","background-image":"","background-repeat":"repeat","background-position":"center center","background-size":"auto","background-attachment":"scroll","background-type":"","background-media":"","overlay-type":"","overlay-color":"","overlay-opacity":"","overlay-gradient":""},"mobile":{"background-color":"var(--ast-global-color-5)","background-image":"","background-repeat":"repeat","background-position":"center center","background-size":"auto","background-attachment":"scroll","background-type":"","background-media":"","overlay-type":"","overlay-color":"","overlay-opacity":"","overlay-gradient":""}},"footnotes":""},"class_list":["post-391","page","type-page","status-publish","hentry"],"_links":{"self":[{"href":"https:\/\/mip2022.mbuniverzitet.edu.rs\/en\/wp-json\/wp\/v2\/pages\/391","targetHints":{"allow":["GET"]}}],"collection":[{"href":"https:\/\/mip2022.mbuniverzitet.edu.rs\/en\/wp-json\/wp\/v2\/pages"}],"about":[{"href":"https:\/\/mip2022.mbuniverzitet.edu.rs\/en\/wp-json\/wp\/v2\/types\/page"}],"author":[{"embeddable":true,"href":"https:\/\/mip2022.mbuniverzitet.edu.rs\/en\/wp-json\/wp\/v2\/users\/1"}],"replies":[{"embeddable":true,"href":"https:\/\/mip2022.mbuniverzitet.edu.rs\/en\/wp-json\/wp\/v2\/comments?post=391"}],"version-history":[{"count":0,"href":"https:\/\/mip2022.mbuniverzitet.edu.rs\/en\/wp-json\/wp\/v2\/pages\/391\/revisions"}],"wp:attachment":[{"href":"https:\/\/mip2022.mbuniverzitet.edu.rs\/en\/wp-json\/wp\/v2\/media?parent=391"}],"curies":[{"name":"wp","href":"https:\/\/api.w.org\/{rel}","templated":true}]}}